{"id":25572,"date":"2022-12-12T09:31:06","date_gmt":"2022-12-12T08:31:06","guid":{"rendered":"https:\/\/lindqvistakeri.com\/our-policies\/"},"modified":"2022-12-19T11:09:40","modified_gmt":"2022-12-19T10:09:40","slug":"our-policies","status":"publish","type":"page","link":"https:\/\/lindqvistakeri.com\/en\/our-policies\/","title":{"rendered":"Our Policies"},"content":{"rendered":"<p>[et_pb_section fb_built=&#8221;1&#8243; admin_label=&#8221;Hero&#8221; _builder_version=&#8221;4.19.3&#8243; background_image=&#8221;https:\/\/lindqvistakeri.com\/wp-content\/uploads\/2022\/12\/subheader-5.png&#8221; custom_margin=&#8221;||3%|&#8221; custom_padding=&#8221;6vw|||&#8221; bottom_divider_color=&#8221;rgba(15,77,42,0.3)&#8221; bottom_divider_height=&#8221;20vw&#8221; bottom_divider_repeat=&#8221;0.5x&#8221; bottom_divider_flip=&#8221;horizontal|vertical&#8221; hover_enabled=&#8221;0&#8243; global_colors_info=&#8221;{}&#8221; sticky_enabled=&#8221;0&#8243;][et_pb_row _builder_version=&#8221;4.16&#8243; custom_margin=&#8221;|||&#8221; custom_padding=&#8221;27px|0px|0|0px|false|false&#8221; global_colors_info=&#8221;{}&#8221;][et_pb_column type=&#8221;4_4&#8243; _builder_version=&#8221;4.16&#8243; custom_padding=&#8221;|||&#8221; global_colors_info=&#8221;{}&#8221; custom_padding__hover=&#8221;|||&#8221;][et_pb_text _builder_version=&#8221;4.19.3&#8243; text_font=&#8221;||||||||&#8221; header_font=&#8221;Unna|700|||||||&#8221; header_font_size=&#8221;90px&#8221; header_line_height=&#8221;1.4em&#8221; header_2_font=&#8221;Josefin Sans||||||||&#8221; header_2_text_color=&#8221;rgba(255,255,255,0.6)&#8221; header_2_font_size=&#8221;32px&#8221; header_2_line_height=&#8221;1.4em&#8221; background_layout=&#8221;dark&#8221; animation_style=&#8221;slide&#8221; animation_direction=&#8221;right&#8221; animation_intensity_slide=&#8221;4%&#8221; hover_enabled=&#8221;0&#8243; header_font_size_tablet=&#8221;50px&#8221; header_font_size_phone=&#8221;32px&#8221; header_font_size_last_edited=&#8221;on|desktop&#8221; header_2_font_size_tablet=&#8221;&#8221; header_2_font_size_phone=&#8221;24px&#8221; header_2_font_size_last_edited=&#8221;on|phone&#8221; global_colors_info=&#8221;{}&#8221; sticky_enabled=&#8221;0&#8243; header_text_color=&#8221;#fbc625&#8243;]<\/p>\n<h1>Our Policies<\/h1>\n<h2>Lindqvist \u00c5keri i Ystad AB<\/h2>\n<p>[\/et_pb_text][\/et_pb_column][\/et_pb_row][et_pb_row column_structure=&#8221;1_2,1_2&#8243; _builder_version=&#8221;4.16&#8243; custom_padding=&#8221;0|0px|27px|0px|false|false&#8221; locked=&#8221;off&#8221; global_colors_info=&#8221;{}&#8221;][et_pb_column type=&#8221;1_2&#8243; _builder_version=&#8221;4.16&#8243; custom_padding=&#8221;|||&#8221; global_colors_info=&#8221;{}&#8221; custom_padding__hover=&#8221;|||&#8221;][\/et_pb_column][et_pb_column type=&#8221;1_2&#8243; _builder_version=&#8221;4.16&#8243; custom_padding=&#8221;|||&#8221; global_colors_info=&#8221;{}&#8221; custom_padding__hover=&#8221;|||&#8221;][\/et_pb_column][\/et_pb_row][et_pb_row use_custom_gutter=&#8221;on&#8221; gutter_width=&#8221;1&#8243; disabled_on=&#8221;on|off|off&#8221; module_class=&#8221; et_pb_row_fullwidth&#8221; _builder_version=&#8221;4.16&#8243; width=&#8221;100%&#8221; width_tablet=&#8221;100%&#8221; width_phone=&#8221;100%&#8221; width_last_edited=&#8221;on|desktop&#8221; max_width=&#8221;100%&#8221; max_width_tablet=&#8221;100%&#8221; max_width_phone=&#8221;100%&#8221; max_width_last_edited=&#8221;on|desktop&#8221; make_fullwidth=&#8221;on&#8221; locked=&#8221;off&#8221; global_colors_info=&#8221;{}&#8221;][et_pb_column type=&#8221;4_4&#8243; _builder_version=&#8221;4.16&#8243; custom_padding=&#8221;|||&#8221; global_colors_info=&#8221;{}&#8221; custom_padding__hover=&#8221;|||&#8221;][\/et_pb_column][\/et_pb_row][\/et_pb_section][et_pb_section fb_built=&#8221;1&#8243; next_background_color=&#8221;#edeff4&#8243; _builder_version=&#8221;4.16&#8243; custom_padding=&#8221;54px|0px|54px|0|false|false&#8221; bottom_divider_style=&#8221;mountains2&#8243; bottom_divider_height=&#8221;200px&#8221; bottom_divider_repeat=&#8221;0.5x&#8221; locked=&#8221;off&#8221; global_colors_info=&#8221;{}&#8221;][et_pb_row _builder_version=&#8221;4.16&#8243; custom_padding=&#8221;30px|0px|0|0px|false|false&#8221; global_colors_info=&#8221;{}&#8221;][et_pb_column type=&#8221;4_4&#8243; _builder_version=&#8221;4.16&#8243; custom_padding=&#8221;|||&#8221; global_colors_info=&#8221;{}&#8221; custom_padding__hover=&#8221;|||&#8221;][et_pb_text _builder_version=&#8221;4.19.2&#8243; text_font=&#8221;Open Sans||||||||&#8221; text_font_size=&#8221;18px&#8221; text_line_height=&#8221;1.8em&#8221; header_font=&#8221;||||||||&#8221; header_text_color=&#8221;rgba(0,0,0,0)&#8221; header_2_font=&#8221;Josefin Sans|700|||||||&#8221; header_2_font_size=&#8221;48px&#8221; header_2_line_height=&#8221;1.4em&#8221; header_3_font=&#8221;Josefin Sans|700||on|||||&#8221; header_3_text_color=&#8221;rgba(43,51,68,0.2)&#8221; max_width=&#8221;700px&#8221; custom_margin=&#8221;|||&#8221; custom_padding=&#8221;|||&#8221; header_2_font_size_tablet=&#8221;&#8221; header_2_font_size_phone=&#8221;24px&#8221; header_2_font_size_last_edited=&#8221;on|phone&#8221; header_2_line_height_tablet=&#8221;1.4em&#8221; header_2_line_height_last_edited=&#8221;off|desktop&#8221; global_colors_info=&#8221;{}&#8221;]<\/p>\n<h3>Policy<\/h3>\n<h2>Quality Policy for Lindqvist \u00c5keri i Ystad AB<\/h2>\n<p> We will be attentive to the client&#8217;s needs and constantly work towards fulfilling them. Demands as well as wishes will be met as best possible throughout the organization.<\/p>\n<p>We strive to achieve complete customer satisfaction through an ongoing search for improvements in all areas.<\/p>\n<p>Maintaining a high quality of service is our foundation for nourishing immaculate and longterm relationships with our clientele.[\/et_pb_text][\/et_pb_column][\/et_pb_row][\/et_pb_section][et_pb_section fb_built=&#8221;1&#8243; custom_padding_last_edited=&#8221;off|desktop&#8221; admin_label=&#8221;Service&#8221; _builder_version=&#8221;4.16&#8243; background_color=&#8221;#edeff4&#8243; custom_padding=&#8221;|||&#8221; global_colors_info=&#8221;{}&#8221;][et_pb_row column_structure=&#8221;1_2,1_2&#8243; _builder_version=&#8221;4.19.2&#8243; global_colors_info=&#8221;{}&#8221;][et_pb_column type=&#8221;1_2&#8243; _builder_version=&#8221;4.16&#8243; custom_padding=&#8221;|||&#8221; global_colors_info=&#8221;{}&#8221; custom_padding__hover=&#8221;|||&#8221;][\/et_pb_column][et_pb_column type=&#8221;1_2&#8243; _builder_version=&#8221;4.16&#8243; custom_padding=&#8221;32px|||&#8221; custom_padding_tablet=&#8221;0px|||&#8221; custom_padding_phone=&#8221;0px|||&#8221; custom_padding_last_edited=&#8221;on|desktop&#8221; global_colors_info=&#8221;{}&#8221; padding_tablet=&#8221;0px|||&#8221; padding_last_edited=&#8221;on|desktop&#8221; custom_padding__hover=&#8221;|||&#8221; padding_phone=&#8221;0px|||&#8221;][\/et_pb_column][\/et_pb_row][et_pb_row column_structure=&#8221;1_2,1_2&#8243; _builder_version=&#8221;4.16&#8243; global_colors_info=&#8221;{}&#8221;][et_pb_column type=&#8221;1_2&#8243; _builder_version=&#8221;4.16&#8243; custom_padding=&#8221;|||&#8221; global_colors_info=&#8221;{}&#8221; custom_padding__hover=&#8221;|||&#8221;][et_pb_text _builder_version=&#8221;4.19.2&#8243; text_font=&#8221;Open Sans||||||||&#8221; text_font_size=&#8221;18px&#8221; text_line_height=&#8221;1.8em&#8221; header_font=&#8221;||||||||&#8221; header_2_font=&#8221;Josefin Sans|700|||||||&#8221; header_2_font_size=&#8221;22px&#8221; header_2_line_height=&#8221;1.4em&#8221; header_3_font=&#8221;|||on|||||&#8221; header_3_text_color=&#8221;rgba(43,51,68,0.2)&#8221; custom_margin=&#8221;|||&#8221; custom_padding=&#8221;|||&#8221; header_2_font_size_phone=&#8221;20px&#8221; header_2_font_size_last_edited=&#8221;off|desktop&#8221; header_2_line_height_tablet=&#8221;1.4em&#8221; header_2_line_height_last_edited=&#8221;off|desktop&#8221; locked=&#8221;off&#8221; global_colors_info=&#8221;{}&#8221;]<\/p>\n<h2>Work Environmental Policy for Lindqvist Akeri Corporation (AB) in Ystad<\/h2>\n<p>In day-to day operations, every employee must show personal responsibility in protecting health and the environment. It concerns everyone[\/et_pb_text][et_pb_image src=&#8221;https:\/\/lindqvistakeri.com\/wp-content\/uploads\/2022\/12\/policy.jpg&#8221; title_text=&#8221;policy&#8221; align_tablet=&#8221;center&#8221; align_phone=&#8221;center&#8221; align_last_edited=&#8221;on|desktop&#8221; _builder_version=&#8221;4.19.3&#8243; hover_enabled=&#8221;0&#8243; global_colors_info=&#8221;{}&#8221; sticky_enabled=&#8221;0&#8243;][\/et_pb_image][\/et_pb_column][et_pb_column type=&#8221;1_2&#8243; _builder_version=&#8221;4.16&#8243; custom_padding=&#8221;|||&#8221; global_colors_info=&#8221;{}&#8221; custom_padding__hover=&#8221;|||&#8221;][et_pb_text _builder_version=&#8221;4.19.2&#8243; text_font=&#8221;Open Sans||||||||&#8221; text_font_size=&#8221;18px&#8221; text_line_height=&#8221;1.8em&#8221; header_font=&#8221;||||||||&#8221; header_2_font=&#8221;Josefin Sans|700|||||||&#8221; header_2_font_size=&#8221;22px&#8221; header_2_line_height=&#8221;1.4em&#8221; header_3_font=&#8221;|||on|||||&#8221; header_3_text_color=&#8221;rgba(43,51,68,0.2)&#8221; custom_margin=&#8221;|||&#8221; custom_padding=&#8221;|||&#8221; header_2_font_size_phone=&#8221;20px&#8221; header_2_font_size_last_edited=&#8221;off|desktop&#8221; header_2_line_height_tablet=&#8221;1.4em&#8221; header_2_line_height_last_edited=&#8221;off|desktop&#8221; locked=&#8221;off&#8221; global_colors_info=&#8221;{}&#8221;]<\/p>\n<h2><\/h2>\n<p>to not just follow instructions and routines, but also to be attentive and report any new risks or threats towards the work environment.<\/p>\n<p> Responding to larger proposed changes in the operations, all aspects of and effects upon the work environment will be considered, and within reasonable measures, decisions shall be made in accordance with policy in order to prevent negative effects and minimize risk.<\/p>\n<p> We are aware that monitoring the work environment is critical to ensure that no new risks appear. Enjoying and developing through work is important to us.[\/et_pb_text][\/et_pb_column][\/et_pb_row][\/et_pb_section][et_pb_section fb_built=&#8221;1&#8243; custom_padding_last_edited=&#8221;off|desktop&#8221; admin_label=&#8221;Service&#8221; _builder_version=&#8221;4.16&#8243; custom_padding=&#8221;54px|0px|54px|0px|false|false&#8221; global_colors_info=&#8221;{}&#8221;][et_pb_row column_structure=&#8221;1_2,1_2&#8243; _builder_version=&#8221;4.16&#8243; global_colors_info=&#8221;{}&#8221;][et_pb_column type=&#8221;1_2&#8243; _builder_version=&#8221;4.16&#8243; custom_padding=&#8221;|||&#8221; global_colors_info=&#8221;{}&#8221; custom_padding__hover=&#8221;|||&#8221;][\/et_pb_column][et_pb_column type=&#8221;1_2&#8243; _builder_version=&#8221;4.16&#8243; custom_padding=&#8221;32px|||&#8221; custom_padding_tablet=&#8221;0px|||&#8221; custom_padding_phone=&#8221;0px|||&#8221; custom_padding_last_edited=&#8221;on|desktop&#8221; global_colors_info=&#8221;{}&#8221; padding_tablet=&#8221;0px|||&#8221; padding_last_edited=&#8221;on|desktop&#8221; custom_padding__hover=&#8221;|||&#8221; padding_phone=&#8221;0px|||&#8221;][\/et_pb_column][\/et_pb_row][et_pb_row column_structure=&#8221;1_2,1_2&#8243; _builder_version=&#8221;4.16&#8243; animation_direction=&#8221;right&#8221; global_colors_info=&#8221;{}&#8221;][et_pb_column type=&#8221;1_2&#8243; _builder_version=&#8221;4.16&#8243; custom_padding=&#8221;|||&#8221; global_colors_info=&#8221;{}&#8221; custom_padding__hover=&#8221;|||&#8221;][et_pb_text _builder_version=&#8221;4.19.2&#8243; text_font=&#8221;Open Sans||||||||&#8221; text_font_size=&#8221;18px&#8221; text_line_height=&#8221;1.8em&#8221; header_font=&#8221;||||||||&#8221; header_2_font=&#8221;Josefin Sans|700|||||||&#8221; header_2_font_size=&#8221;22px&#8221; header_2_line_height=&#8221;1.4em&#8221; header_3_font=&#8221;|||on|||||&#8221; header_3_text_color=&#8221;rgba(43,51,68,0.2)&#8221; custom_margin=&#8221;|||&#8221; custom_padding=&#8221;|||&#8221; header_2_font_size_phone=&#8221;20px&#8221; header_2_font_size_last_edited=&#8221;off|desktop&#8221; header_2_line_height_tablet=&#8221;1.4em&#8221; header_2_line_height_last_edited=&#8221;off|desktop&#8221; locked=&#8221;off&#8221; global_colors_info=&#8221;{}&#8221;]<\/p>\n<h2>Milj\u00f6policy f\u00f6r Lindqvist \u00c5keri i Ystad AB<\/h2>\n<p>We strive to execute transports with the smallest possible impact on the environment, in accordance with both our and our customers&#8217; environmental and financial perspectives. We achive this by&#8230;[\/et_pb_text][et_pb_image src=&#8221;https:\/\/lindqvistakeri.com\/wp-content\/uploads\/2022\/12\/arbetsmiljo.jpg&#8221; title_text=&#8221;OLYMPUS DIGITAL CAMERA&#8221; align_tablet=&#8221;center&#8221; align_phone=&#8221;center&#8221; align_last_edited=&#8221;on|desktop&#8221; _builder_version=&#8221;4.19.3&#8243; hover_enabled=&#8221;0&#8243; global_colors_info=&#8221;{}&#8221; sticky_enabled=&#8221;0&#8243; force_fullwidth=&#8221;on&#8221;][\/et_pb_image][\/et_pb_column][et_pb_column type=&#8221;1_2&#8243; _builder_version=&#8221;4.16&#8243; custom_padding=&#8221;|||&#8221; global_colors_info=&#8221;{}&#8221; custom_padding__hover=&#8221;|||&#8221;][et_pb_text _builder_version=&#8221;4.19.2&#8243; text_font=&#8221;Open Sans||||||||&#8221; text_font_size=&#8221;18px&#8221; text_line_height=&#8221;1.8em&#8221; header_font=&#8221;||||||||&#8221; header_2_font=&#8221;Josefin Sans|700|||||||&#8221; header_2_font_size=&#8221;22px&#8221; header_2_line_height=&#8221;1.4em&#8221; header_3_font=&#8221;|||on|||||&#8221; header_3_text_color=&#8221;rgba(43,51,68,0.2)&#8221; custom_margin=&#8221;|||&#8221; custom_padding=&#8221;|||&#8221; header_2_font_size_phone=&#8221;20px&#8221; header_2_font_size_last_edited=&#8221;off|desktop&#8221; header_2_line_height_tablet=&#8221;1.4em&#8221; header_2_line_height_last_edited=&#8221;off|desktop&#8221; locked=&#8221;off&#8221; global_colors_info=&#8221;{}&#8221;]..guarding the impact of all our purchases and investments, from car parks to raw materials.<\/p>\n<p>..keeping an open dialogue with our co-workers to increase awareness of environmental issues.<\/p>\n<p>..openly and regularly declaring our engagement to the environment, as well as by maintaining positive connections to the autorities.<\/p>\n<p>..regularly keeping ourselves informed of the environmental concerns of our clients within the transportation industry.[\/et_pb_text][et_pb_button button_url=&#8221;@ET-DC@eyJkeW5hbWljIjp0cnVlLCJjb250ZW50IjoicG9zdF9saW5rX3VybF9wYWdlIiwic2V0dGluZ3MiOnsicG9zdF9pZCI6IjI1Mzk2In19@&#8221; button_text=&#8221;Contact&#8221; _builder_version=&#8221;4.19.2&#8243; _dynamic_attributes=&#8221;button_url&#8221; custom_button=&#8221;on&#8221; button_text_size=&#8221;14px&#8221; button_text_color=&#8221;#546180&#8243; button_bg_color=&#8221;#ffffff&#8221; button_border_width=&#8221;14px&#8221; button_border_color=&#8221;rgba(255,255,255,0)&#8221; button_border_radius=&#8221;0px&#8221; button_letter_spacing=&#8221;1px&#8221; button_font=&#8221;Josefin Sans|700||on|||||&#8221; custom_margin=&#8221;|||&#8221; custom_margin_tablet=&#8221;||50px|&#8221; custom_margin_phone=&#8221;||50px|&#8221; custom_margin_last_edited=&#8221;on|phone&#8221; custom_padding=&#8221;|||&#8221; animation_style=&#8221;fold&#8221; animation_direction=&#8221;left&#8221; animation_delay=&#8221;200ms&#8221; animation_intensity_fold=&#8221;20%&#8221; box_shadow_style=&#8221;preset3&#8243; box_shadow_blur=&#8221;30px&#8221; box_shadow_color=&#8221;rgba(0,0,0,0.16)&#8221; button_border_radius_hover=&#8221;0px&#8221; button_letter_spacing_hover=&#8221;1px&#8221; locked=&#8221;off&#8221; global_colors_info=&#8221;{}&#8221; button_text_size__hover_enabled=&#8221;off&#8221; button_one_text_size__hover_enabled=&#8221;off&#8221; button_two_text_size__hover_enabled=&#8221;off&#8221; button_text_color__hover_enabled=&#8221;off&#8221; button_one_text_color__hover_enabled=&#8221;off&#8221; button_two_text_color__hover_enabled=&#8221;off&#8221; button_border_width__hover_enabled=&#8221;off&#8221; button_one_border_width__hover_enabled=&#8221;off&#8221; button_two_border_width__hover_enabled=&#8221;off&#8221; button_border_color__hover_enabled=&#8221;off&#8221; button_one_border_color__hover_enabled=&#8221;off&#8221; button_two_border_color__hover_enabled=&#8221;off&#8221; button_border_radius__hover_enabled=&#8221;on&#8221; button_border_radius__hover=&#8221;0px&#8221; button_one_border_radius__hover_enabled=&#8221;off&#8221; button_two_border_radius__hover_enabled=&#8221;off&#8221; button_letter_spacing__hover_enabled=&#8221;on&#8221; button_letter_spacing__hover=&#8221;1px&#8221; button_one_letter_spacing__hover_enabled=&#8221;off&#8221; button_two_letter_spacing__hover_enabled=&#8221;off&#8221; button_bg_color__hover_enabled=&#8221;off&#8221; button_one_bg_color__hover_enabled=&#8221;off&#8221; button_two_bg_color__hover_enabled=&#8221;off&#8221;][\/et_pb_button][\/et_pb_column][\/et_pb_row][\/et_pb_section]<\/p>\n","protected":false},"excerpt":{"rendered":"<p>Our Policies Lindqvist \u00c5keri i Ystad ABPolicy Quality Policy for Lindqvist \u00c5keri i Ystad AB We will be attentive to the client&#8217;s needs and constantly work towards fulfilling them. Demands as well as wishes will be met as best possible throughout the organization. We strive to achieve complete customer satisfaction through an ongoing search for [&hellip;]<\/p>\n","protected":false},"author":1,"featured_media":0,"parent":0,"menu_order":0,"comment_status":"closed","ping_status":"closed","template":"","meta":{"_et_pb_use_builder":"on","_et_pb_old_content":"","_et_gb_content_width":"","footnotes":""},"class_list":["post-25572","page","type-page","status-publish","hentry"],"yoast_head":"<!-- This site is optimized with the Yoast SEO plugin v27.6 - https:\/\/yoast.com\/product\/yoast-seo-wordpress\/ -->\n<title>Our Policies - Lindqvist \u00c5keri Ystad<\/title>\n<meta name=\"robots\" content=\"index, follow, max-snippet:-1, max-image-preview:large, max-video-preview:-1\" \/>\n<link rel=\"canonical\" href=\"https:\/\/lindqvistakeri.com\/en\/our-policies\/\" \/>\n<meta property=\"og:locale\" content=\"en_US\" \/>\n<meta property=\"og:type\" content=\"article\" \/>\n<meta property=\"og:title\" content=\"Our Policies - Lindqvist \u00c5keri Ystad\" \/>\n<meta property=\"og:description\" content=\"Our Policies Lindqvist \u00c5keri i Ystad ABPolicy Quality Policy for Lindqvist \u00c5keri i Ystad AB We will be attentive to the client&#039;s needs and constantly work towards fulfilling them. Demands as well as wishes will be met as best possible throughout the organization. We strive to achieve complete customer satisfaction through an ongoing search for [&hellip;]\" \/>\n<meta property=\"og:url\" content=\"https:\/\/lindqvistakeri.com\/en\/our-policies\/\" \/>\n<meta property=\"og:site_name\" content=\"Lindqvist \u00c5keri Ystad\" \/>\n<meta property=\"article:modified_time\" content=\"2022-12-19T10:09:40+00:00\" \/>\n<meta name=\"twitter:card\" content=\"summary_large_image\" \/>\n<meta name=\"twitter:label1\" content=\"Est. reading time\" \/>\n\t<meta name=\"twitter:data1\" content=\"9 minutes\" \/>\n<script type=\"application\/ld+json\" class=\"yoast-schema-graph\">{\"@context\":\"https:\\\/\\\/schema.org\",\"@graph\":[{\"@type\":\"WebPage\",\"@id\":\"https:\\\/\\\/lindqvistakeri.com\\\/en\\\/our-policies\\\/\",\"url\":\"https:\\\/\\\/lindqvistakeri.com\\\/en\\\/our-policies\\\/\",\"name\":\"Our Policies - Lindqvist \u00c5keri Ystad\",\"isPartOf\":{\"@id\":\"https:\\\/\\\/lindqvistakeri.com\\\/en\\\/#website\"},\"datePublished\":\"2022-12-12T08:31:06+00:00\",\"dateModified\":\"2022-12-19T10:09:40+00:00\",\"breadcrumb\":{\"@id\":\"https:\\\/\\\/lindqvistakeri.com\\\/en\\\/our-policies\\\/#breadcrumb\"},\"inLanguage\":\"en-US\",\"potentialAction\":[{\"@type\":\"ReadAction\",\"target\":[\"https:\\\/\\\/lindqvistakeri.com\\\/en\\\/our-policies\\\/\"]}]},{\"@type\":\"BreadcrumbList\",\"@id\":\"https:\\\/\\\/lindqvistakeri.com\\\/en\\\/our-policies\\\/#breadcrumb\",\"itemListElement\":[{\"@type\":\"ListItem\",\"position\":1,\"name\":\"Hem\",\"item\":\"https:\\\/\\\/lindqvistakeri.com\\\/en\\\/\"},{\"@type\":\"ListItem\",\"position\":2,\"name\":\"Our Policies\"}]},{\"@type\":\"WebSite\",\"@id\":\"https:\\\/\\\/lindqvistakeri.com\\\/en\\\/#website\",\"url\":\"https:\\\/\\\/lindqvistakeri.com\\\/en\\\/\",\"name\":\"Lindqvist \u00c5keri Ystad\",\"description\":\"\",\"publisher\":{\"@id\":\"https:\\\/\\\/lindqvistakeri.com\\\/en\\\/#organization\"},\"potentialAction\":[{\"@type\":\"SearchAction\",\"target\":{\"@type\":\"EntryPoint\",\"urlTemplate\":\"https:\\\/\\\/lindqvistakeri.com\\\/en\\\/?s={search_term_string}\"},\"query-input\":{\"@type\":\"PropertyValueSpecification\",\"valueRequired\":true,\"valueName\":\"search_term_string\"}}],\"inLanguage\":\"en-US\"},{\"@type\":\"Organization\",\"@id\":\"https:\\\/\\\/lindqvistakeri.com\\\/en\\\/#organization\",\"name\":\"Lindqvist \u00c5keri Ystad\",\"url\":\"https:\\\/\\\/lindqvistakeri.com\\\/en\\\/\",\"logo\":{\"@type\":\"ImageObject\",\"inLanguage\":\"en-US\",\"@id\":\"https:\\\/\\\/lindqvistakeri.com\\\/en\\\/#\\\/schema\\\/logo\\\/image\\\/\",\"url\":\"https:\\\/\\\/lindqvistakeri.com\\\/wp-content\\\/uploads\\\/2022\\\/12\\\/Lindqvistloggaliten.gif\",\"contentUrl\":\"https:\\\/\\\/lindqvistakeri.com\\\/wp-content\\\/uploads\\\/2022\\\/12\\\/Lindqvistloggaliten.gif\",\"width\":250,\"height\":81,\"caption\":\"Lindqvist \u00c5keri Ystad\"},\"image\":{\"@id\":\"https:\\\/\\\/lindqvistakeri.com\\\/en\\\/#\\\/schema\\\/logo\\\/image\\\/\"},\"sameAs\":[\"https:\\\/\\\/www.instagram.com\\\/lindqvistakeriiystadab\\\/\"]}]}<\/script>\n<!-- \/ Yoast SEO plugin. -->","yoast_head_json":{"title":"Our Policies - Lindqvist \u00c5keri Ystad","robots":{"index":"index","follow":"follow","max-snippet":"max-snippet:-1","max-image-preview":"max-image-preview:large","max-video-preview":"max-video-preview:-1"},"canonical":"https:\/\/lindqvistakeri.com\/en\/our-policies\/","og_locale":"en_US","og_type":"article","og_title":"Our Policies - Lindqvist \u00c5keri Ystad","og_description":"Our Policies Lindqvist \u00c5keri i Ystad ABPolicy Quality Policy for Lindqvist \u00c5keri i Ystad AB We will be attentive to the client's needs and constantly work towards fulfilling them. Demands as well as wishes will be met as best possible throughout the organization. We strive to achieve complete customer satisfaction through an ongoing search for [&hellip;]","og_url":"https:\/\/lindqvistakeri.com\/en\/our-policies\/","og_site_name":"Lindqvist \u00c5keri Ystad","article_modified_time":"2022-12-19T10:09:40+00:00","twitter_card":"summary_large_image","twitter_misc":{"Est. reading time":"9 minutes"},"schema":{"@context":"https:\/\/schema.org","@graph":[{"@type":"WebPage","@id":"https:\/\/lindqvistakeri.com\/en\/our-policies\/","url":"https:\/\/lindqvistakeri.com\/en\/our-policies\/","name":"Our Policies - Lindqvist \u00c5keri Ystad","isPartOf":{"@id":"https:\/\/lindqvistakeri.com\/en\/#website"},"datePublished":"2022-12-12T08:31:06+00:00","dateModified":"2022-12-19T10:09:40+00:00","breadcrumb":{"@id":"https:\/\/lindqvistakeri.com\/en\/our-policies\/#breadcrumb"},"inLanguage":"en-US","potentialAction":[{"@type":"ReadAction","target":["https:\/\/lindqvistakeri.com\/en\/our-policies\/"]}]},{"@type":"BreadcrumbList","@id":"https:\/\/lindqvistakeri.com\/en\/our-policies\/#breadcrumb","itemListElement":[{"@type":"ListItem","position":1,"name":"Hem","item":"https:\/\/lindqvistakeri.com\/en\/"},{"@type":"ListItem","position":2,"name":"Our Policies"}]},{"@type":"WebSite","@id":"https:\/\/lindqvistakeri.com\/en\/#website","url":"https:\/\/lindqvistakeri.com\/en\/","name":"Lindqvist \u00c5keri Ystad","description":"","publisher":{"@id":"https:\/\/lindqvistakeri.com\/en\/#organization"},"potentialAction":[{"@type":"SearchAction","target":{"@type":"EntryPoint","urlTemplate":"https:\/\/lindqvistakeri.com\/en\/?s={search_term_string}"},"query-input":{"@type":"PropertyValueSpecification","valueRequired":true,"valueName":"search_term_string"}}],"inLanguage":"en-US"},{"@type":"Organization","@id":"https:\/\/lindqvistakeri.com\/en\/#organization","name":"Lindqvist \u00c5keri Ystad","url":"https:\/\/lindqvistakeri.com\/en\/","logo":{"@type":"ImageObject","inLanguage":"en-US","@id":"https:\/\/lindqvistakeri.com\/en\/#\/schema\/logo\/image\/","url":"https:\/\/lindqvistakeri.com\/wp-content\/uploads\/2022\/12\/Lindqvistloggaliten.gif","contentUrl":"https:\/\/lindqvistakeri.com\/wp-content\/uploads\/2022\/12\/Lindqvistloggaliten.gif","width":250,"height":81,"caption":"Lindqvist \u00c5keri Ystad"},"image":{"@id":"https:\/\/lindqvistakeri.com\/en\/#\/schema\/logo\/image\/"},"sameAs":["https:\/\/www.instagram.com\/lindqvistakeriiystadab\/"]}]}},"_links":{"self":[{"href":"https:\/\/lindqvistakeri.com\/en\/wp-json\/wp\/v2\/pages\/25572","targetHints":{"allow":["GET"]}}],"collection":[{"href":"https:\/\/lindqvistakeri.com\/en\/wp-json\/wp\/v2\/pages"}],"about":[{"href":"https:\/\/lindqvistakeri.com\/en\/wp-json\/wp\/v2\/types\/page"}],"author":[{"embeddable":true,"href":"https:\/\/lindqvistakeri.com\/en\/wp-json\/wp\/v2\/users\/1"}],"replies":[{"embeddable":true,"href":"https:\/\/lindqvistakeri.com\/en\/wp-json\/wp\/v2\/comments?post=25572"}],"version-history":[{"count":7,"href":"https:\/\/lindqvistakeri.com\/en\/wp-json\/wp\/v2\/pages\/25572\/revisions"}],"predecessor-version":[{"id":25636,"href":"https:\/\/lindqvistakeri.com\/en\/wp-json\/wp\/v2\/pages\/25572\/revisions\/25636"}],"wp:attachment":[{"href":"https:\/\/lindqvistakeri.com\/en\/wp-json\/wp\/v2\/media?parent=25572"}],"curies":[{"name":"wp","href":"https:\/\/api.w.org\/{rel}","templated":true}]}}